{"id":763,"date":"2021-10-21T17:42:23","date_gmt":"2021-10-21T15:42:23","guid":{"rendered":"https:\/\/schach-plaue.de\/?page_id=763"},"modified":"2021-10-21T17:42:23","modified_gmt":"2021-10-21T15:42:23","slug":"nachruf-fuer-unseren-schachfreund-guenter-bruehl","status":"publish","type":"page","link":"https:\/\/schach-plaue.de\/?page_id=763","title":{"rendered":"Nachruf f\u00fcr unseren Schachfreund G\u00fcnter Br\u00fchl"},"content":{"rendered":"\n<p>Wir erhielten die traurige Nachricht, dass unser Schachfreund G\u00fcnter Br\u00fchl pl\u00f6tzlich und unerwartet verstorben ist.<\/p>\n\n\n\n<p>G\u00fcnter spielte seit \u00fcber 10 Jahren erfolgreich in unserer 1. Mannschaft. Auch an unseren Feiern und Zusammenk\u00fcnften nahm er oft und gerne teil, dabei erinnerten wir uns gemeinsam an unsere schachliche Vergangenheit.<br>G\u00fcnter war fr\u00fcher in verschiedenen Vereinen des Ilmkreises aktiv, unter anderem spielte er viele Jahre beim ThSV Geschwenda und noch fr\u00fcher bei Ilmenau in der DDR-Liga. Auch im Fernschach nahm er regelm\u00e4\u00dfig an Turnieren teil. In dieser Zeit war er mehrmals Kreismeister und gewann das Osterblitzturnier in Geschwenda.<\/p>\n\n\n\n<p>Wir werden G\u00fcnter stets ein ehrendes Gedenken bereiten und nie vergessen.<br>Unser Mitgef\u00fchl gilt seinen Angeh\u00f6rigen.<\/p>\n\n\n\n<p>TSV Plaue<br>Sektion Schach<\/p>\n","protected":false},"excerpt":{"rendered":"<p>Wir erhielten die traurige Nachricht, dass unser Schachfreund G\u00fcnter Br\u00fchl pl\u00f6tzlich und unerwartet verstorben ist. G\u00fcnter spielte seit \u00fcber 10 Jahren erfolgreich in unserer 1. Mannschaft. Auch an unseren Feiern und Zusammenk\u00fcnften nahm er oft und gerne teil, dabei erinnerten wir uns gemeinsam an unsere schachliche Vergangenheit.G\u00fcnter war fr\u00fcher in verschiedenen Vereinen des Ilmkreises aktiv, unter anderem spielte er viele Jahre beim ThSV Geschwenda und noch fr\u00fcher bei Ilmenau in&hellip;<\/p>\n","protected":false},"author":2,"featured_media":0,"parent":0,"menu_order":0,"comment_status":"closed","ping_status":"closed","template":"","meta":{"footnotes":""},"class_list":["post-763","page","type-page","status-publish","hentry","no-post-thumbnail"],"_links":{"self":[{"href":"https:\/\/schach-plaue.de\/index.php?rest_route=\/wp\/v2\/pages\/763","targetHints":{"allow":["GET"]}}],"collection":[{"href":"https:\/\/schach-plaue.de\/index.php?rest_route=\/wp\/v2\/pages"}],"about":[{"href":"https:\/\/schach-plaue.de\/index.php?rest_route=\/wp\/v2\/types\/page"}],"author":[{"embeddable":true,"href":"https:\/\/schach-plaue.de\/index.php?rest_route=\/wp\/v2\/users\/2"}],"replies":[{"embeddable":true,"href":"https:\/\/schach-plaue.de\/index.php?rest_route=%2Fwp%2Fv2%2Fcomments&post=763"}],"version-history":[{"count":1,"href":"https:\/\/schach-plaue.de\/index.php?rest_route=\/wp\/v2\/pages\/763\/revisions"}],"predecessor-version":[{"id":764,"href":"https:\/\/schach-plaue.de\/index.php?rest_route=\/wp\/v2\/pages\/763\/revisions\/764"}],"wp:attachment":[{"href":"https:\/\/schach-plaue.de\/index.php?rest_route=%2Fwp%2Fv2%2Fmedia&parent=763"}],"curies":[{"name":"wp","href":"https:\/\/api.w.org\/{rel}","templated":true}]}}