{"id":271,"date":"2019-03-05T06:38:34","date_gmt":"2019-03-05T05:38:34","guid":{"rendered":"https:\/\/schach-plaue.de\/wordpress\/?page_id=271"},"modified":"2019-03-05T06:38:39","modified_gmt":"2019-03-05T05:38:39","slug":"pfingstschnellschach-2009","status":"publish","type":"page","link":"https:\/\/schach-plaue.de\/?page_id=271","title":{"rendered":"Pfingstschnellschach 2009"},"content":{"rendered":"\n<table border=\"0\" cellspacing=\"0\" cellpadding=\"0\">\n<tbody>\n<tr>\n<td>\nPlatz\n<\/td>\n<td>\nName\n<\/td>\n<td>\nPunkte\n<\/td>\n<\/tr>\n<tr>\n<td>\n1\n<\/td>\n<td>\nRobin Jacobi\n<\/td>\n<td>\n7,5\n<\/td>\n<\/tr>\n<tr>\n<td>\n2\n<\/td>\n<td>\nBernd Baum\n<\/td>\n<td>\n7\n<\/td>\n<\/tr>\n<tr>\n<td>\n3\n<\/td>\n<td>\nUwe Schmidt\n<\/td>\n<td>\n6,5\n<\/td>\n<\/tr>\n<tr>\n<td>\n4\n<\/td>\n<td>\nJens Goemann\n<\/td>\n<td>\n6,5\n<\/td>\n<\/tr>\n<tr>\n<td>\n5\n<\/td>\n<td>\nHelmut Schmuck\n<\/td>\n<td>\n6,5\n<\/td>\n<\/tr>\n<tr>\n<td>\n6\n<\/td>\n<td>\nSiegfried Jacobi\n<\/td>\n<td>\n6\n<\/td>\n<\/tr>\n<tr>\n<td>\n7\n<\/td>\n<td>\nMike Wahlicht\n<\/td>\n<td>\n6\n<\/td>\n<\/tr>\n<tr>\n<td>\n8\n<\/td>\n<td>\nReiner Otto\n<\/td>\n<td>\n5,5\n<\/td>\n<\/tr>\n<tr>\n<td>\n9\n<\/td>\n<td>\nAxel M\u00f6ller\n<\/td>\n<td>\n5,5\n<\/td>\n<\/tr>\n<tr>\n<td>\n10\n<\/td>\n<td>\nMarko sauer\n<\/td>\n<td>\n5,5\n<\/td>\n<\/tr>\n<tr>\n<td>\n11\n<\/td>\n<td>\nReinhard B\u00e4cher\n<\/td>\n<td>\n5,5\n<\/td>\n<\/tr>\n<tr>\n<td>\n12\n<\/td>\n<td>\nLeonid Kolodny\n<\/td>\n<td>\n5,5\n<\/td>\n<\/tr>\n<tr>\n<td>\n13\n<\/td>\n<td>\nRalf Neubauer\n<\/td>\n<td>\n5,5\n<\/td>\n<\/tr>\n<tr>\n<td>\n14\n<\/td>\n<td>\nRobert M\u00fcller\n<\/td>\n<td>\n5\n<\/td>\n<\/tr>\n<tr>\n<td>\n15\n<\/td>\n<td>\nKarsten Bussemer\n<\/td>\n<td>\n5\n<\/td>\n<\/tr>\n<tr>\n<td>\n16\n<\/td>\n<td>\nJ\u00fcrgen He\u00df\n<\/td>\n<td>\n5\n<\/td>\n<\/tr>\n<tr>\n<td>\n17\n<\/td>\n<td>\nThomas Lesser\n<\/td>\n<td>\n5\n<\/td>\n<\/tr>\n<tr>\n<td>\n18\n<\/td>\n<td>\nSven Tietze\n<\/td>\n<td>\n5\n<\/td>\n<\/tr>\n<tr>\n<td>\n19\n<\/td>\n<td>\nHans-Joachim Catterfeld\n<\/td>\n<td>\n5\n<\/td>\n<\/tr>\n<tr>\n<td>\n20\n<\/td>\n<td>\nGerald Weinreich\n<\/td>\n<td>\n5\n<\/td>\n<\/tr>\n<tr>\n<td>\n21\n<\/td>\n<td>\nFlorian Jung\n<\/td>\n<td>\n5\n<\/td>\n<\/tr>\n<tr>\n<td>\n22\n<\/td>\n<td>\nNorbert R\u00f6mer\n<\/td>\n<td>\n4,5\n<\/td>\n<\/tr>\n<tr>\n<td>\n23\n<\/td>\n<td>\nMarco Gei\u00dfhirt\n<\/td>\n<td>\n4,5\n<\/td>\n<\/tr>\n<tr>\n<td>\n24\n<\/td>\n<td>\nHans-J\u00fcrgen B\u00f6ttner\n<\/td>\n<td>\n4,5\n<\/td>\n<\/tr>\n<tr>\n<td>\n25\n<\/td>\n<td>\nJoachim Weigend\n<\/td>\n<td>\n4,5\n<\/td>\n<\/tr>\n<tr>\n<td>\n26\n<\/td>\n<td>\nMatthias Himmel\n<\/td>\n<td>\n4,5\n<\/td>\n<\/tr>\n<tr>\n<td>\n27\n<\/td>\n<td>\nRolf Knobling\n<\/td>\n<td>\n4,5\n<\/td>\n<\/tr>\n<tr>\n<td>\n28\n<\/td>\n<td>\nEdgar Catterfeld\n<\/td>\n<td>\n4,5\n<\/td>\n<\/tr>\n<tr>\n<td>\n29\n<\/td>\n<td>\nDaniel Tietze\n<\/td>\n<td>\n4\n<\/td>\n<\/tr>\n<tr>\n<td>\n30\n<\/td>\n<td>\nSebastian Scheitz\n<\/td>\n<td>\n4\n<\/td>\n<\/tr>\n<tr>\n<td>\n31\n<\/td>\n<td>\nUwe Menz\n<\/td>\n<td>\n4\n<\/td>\n<\/tr>\n<tr>\n<td>\n32\n<\/td>\n<td>\nOlaf Krawczyk\n<\/td>\n<td>\n4\n<\/td>\n<\/tr>\n<tr>\n<td>\n33\n<\/td>\n<td>\nAndre Gottwald\n<\/td>\n<td>\n4\n<\/td>\n<\/tr>\n<tr>\n<td>\n34\n<\/td>\n<td>\nPascal Zajan\n<\/td>\n<td>\n4\n<\/td>\n<\/tr>\n<tr>\n<td>\n35\n<\/td>\n<td>\nRene Kellner\n<\/td>\n<td>\n3,5\n<\/td>\n<\/tr>\n<tr>\n<td>\n36\n<\/td>\n<td>\nRalph Lobe\n<\/td>\n<td>\n3,5\n<\/td>\n<\/tr>\n<tr>\n<td>\n37\n<\/td>\n<td>\nRolf Krau\u00df\n<\/td>\n<td>3,5\n<\/td>\n<\/tr>\n<tr>\n<td>\n38\n<\/td>\n<td>\nAndre Schuder\n<\/td>\n<td>\n3,5\n<\/td>\n<\/tr>\n<tr>\n<td>\n39\n<\/td>\n<td>\nUwe Prie\u00df\n<\/td>\n<td>\n3\n<\/td>\n<\/tr>\n<tr>\n<td>\n40\n<\/td>\n<td>\nSilvester Einax\n<\/td>\n<td>\n3\n<\/td>\n<\/tr>\n<tr>\n<td>\n41\n<\/td>\n<td>\nHelga Semisch\n<\/td>\n<td>\n3\n<\/td>\n<\/tr>\n<tr>\n<td>\n42\n<\/td>\n<td>\nWerner Schmidt\n<\/td>\n<td>\n3\n<\/td>\n<\/tr>\n<tr>\n<td>\n43\n<\/td>\n<td>\nFranz Keller\n<\/td>\n<td>\n3\n<\/td>\n<\/tr>\n<tr>\n<td>\n44\n<\/td>\n<td>\nMatthias Hartung\n<\/td>\n<td>\n2,5\n<\/td>\n<\/tr>\n<tr>\n<td>\n45\n<\/td>\n<td>\nMoritz Westfeld\n<\/td>\n<td>\n1\n<\/td>\n<\/tr>\n<\/tbody>\n<\/table>\n","protected":false},"excerpt":{"rendered":"<p>Platz Name Punkte 1 Robin Jacobi 7,5 2 Bernd Baum 7 3 Uwe Schmidt 6,5 4 Jens Goemann 6,5 5 Helmut Schmuck 6,5 6 Siegfried Jacobi 6 7 Mike Wahlicht 6 8 Reiner Otto 5,5 9 Axel M\u00f6ller 5,5 10 Marko sauer 5,5 11 Reinhard B\u00e4cher 5,5 12 Leonid Kolodny 5,5 13 Ralf Neubauer 5,5 14 Robert M\u00fcller 5 15 Karsten Bussemer 5 16 J\u00fcrgen He\u00df 5 17 Thomas Lesser&hellip;<\/p>\n","protected":false},"author":1,"featured_media":0,"parent":0,"menu_order":0,"comment_status":"closed","ping_status":"closed","template":"","meta":{"footnotes":""},"class_list":["post-271","page","type-page","status-publish","hentry","no-post-thumbnail"],"_links":{"self":[{"href":"https:\/\/schach-plaue.de\/index.php?rest_route=\/wp\/v2\/pages\/271","targetHints":{"allow":["GET"]}}],"collection":[{"href":"https:\/\/schach-plaue.de\/index.php?rest_route=\/wp\/v2\/pages"}],"about":[{"href":"https:\/\/schach-plaue.de\/index.php?rest_route=\/wp\/v2\/types\/page"}],"author":[{"embeddable":true,"href":"https:\/\/schach-plaue.de\/index.php?rest_route=\/wp\/v2\/users\/1"}],"replies":[{"embeddable":true,"href":"https:\/\/schach-plaue.de\/index.php?rest_route=%2Fwp%2Fv2%2Fcomments&post=271"}],"version-history":[{"count":1,"href":"https:\/\/schach-plaue.de\/index.php?rest_route=\/wp\/v2\/pages\/271\/revisions"}],"predecessor-version":[{"id":272,"href":"https:\/\/schach-plaue.de\/index.php?rest_route=\/wp\/v2\/pages\/271\/revisions\/272"}],"wp:attachment":[{"href":"https:\/\/schach-plaue.de\/index.php?rest_route=%2Fwp%2Fv2%2Fmedia&parent=271"}],"curies":[{"name":"wp","href":"https:\/\/api.w.org\/{rel}","templated":true}]}}