{"id":14,"date":"2018-12-19T11:19:14","date_gmt":"2018-12-19T10:19:14","guid":{"rendered":"https:\/\/schach-plaue.de\/wordpress\/?page_id=14"},"modified":"2025-06-19T17:39:02","modified_gmt":"2025-06-19T15:39:02","slug":"sponsoren","status":"publish","type":"page","link":"https:\/\/schach-plaue.de\/?page_id=14","title":{"rendered":"Sponsoren"},"content":{"rendered":"\n<p><\/p>\n\n\n\n<p>Die Sektion Schach des TSV Plaue bedankt sich recht herzlich bei den zahlreichen Sponsoren,<br>welche sowohl den Club als auch das Pfingstschnellschachturnier finanziell unterst\u00fctzen<br>und auch mit den Sachspenden attraktive Preise f\u00fcr unser Turnier bereitstellen.<\/p>\n\n\n\n<p><strong>Folgende Sponsoren unterst\u00fctzen den Verein 2025:<\/strong><\/p>\n\n\n\n<p>Physio Fit (Plaue)<br>G\u00e4rtnerei B\u00f6hm (Plaue)<br>Karosseriebau D\u00f6ll (Plaue)<br>Pension und Restaurant Alte Lache (Gr\u00e4fenroda)<br>Andreas Rose (Arnstadt)<br>Ingo Junne (Plaue)<br>Sonnenklar TV (Arnstadt)<br>Ralph Lobe (Berlin)<br>Euro Schach (Dresden)<br>Brotwerk (Arnstadt)<br>Rewe (Gr\u00e4fenroda)<br>Reha Aktiv 2000 (Erfurt)<br>Daniela Stolle\/Avon (Erfurt)<\/p>\n","protected":false},"excerpt":{"rendered":"<p>Die Sektion Schach des TSV Plaue bedankt sich recht herzlich bei den zahlreichen Sponsoren,welche sowohl den Club als auch das Pfingstschnellschachturnier finanziell unterst\u00fctzenund auch mit den Sachspenden attraktive Preise f\u00fcr unser Turnier bereitstellen. Folgende Sponsoren unterst\u00fctzen den Verein 2025: Physio Fit (Plaue)G\u00e4rtnerei B\u00f6hm (Plaue)Karosseriebau D\u00f6ll (Plaue)Pension und Restaurant Alte Lache (Gr\u00e4fenroda)Andreas Rose (Arnstadt)Ingo Junne (Plaue)Sonnenklar TV (Arnstadt)Ralph Lobe (Berlin)Euro Schach (Dresden)Brotwerk (Arnstadt)Rewe (Gr\u00e4fenroda)Reha Aktiv 2000 (Erfurt)Daniela Stolle\/Avon (Erfurt)<\/p>\n","protected":false},"author":1,"featured_media":0,"parent":0,"menu_order":0,"comment_status":"closed","ping_status":"closed","template":"","meta":{"footnotes":""},"class_list":["post-14","page","type-page","status-publish","hentry","no-post-thumbnail"],"_links":{"self":[{"href":"https:\/\/schach-plaue.de\/index.php?rest_route=\/wp\/v2\/pages\/14","targetHints":{"allow":["GET"]}}],"collection":[{"href":"https:\/\/schach-plaue.de\/index.php?rest_route=\/wp\/v2\/pages"}],"about":[{"href":"https:\/\/schach-plaue.de\/index.php?rest_route=\/wp\/v2\/types\/page"}],"author":[{"embeddable":true,"href":"https:\/\/schach-plaue.de\/index.php?rest_route=\/wp\/v2\/users\/1"}],"replies":[{"embeddable":true,"href":"https:\/\/schach-plaue.de\/index.php?rest_route=%2Fwp%2Fv2%2Fcomments&post=14"}],"version-history":[{"count":18,"href":"https:\/\/schach-plaue.de\/index.php?rest_route=\/wp\/v2\/pages\/14\/revisions"}],"predecessor-version":[{"id":1379,"href":"https:\/\/schach-plaue.de\/index.php?rest_route=\/wp\/v2\/pages\/14\/revisions\/1379"}],"wp:attachment":[{"href":"https:\/\/schach-plaue.de\/index.php?rest_route=%2Fwp%2Fv2%2Fmedia&parent=14"}],"curies":[{"name":"wp","href":"https:\/\/api.w.org\/{rel}","templated":true}]}}